{"id":9,"date":"2017-01-21T10:47:55","date_gmt":"2017-01-21T09:47:55","guid":{"rendered":"http:\/\/saintlouisinformatique.be\/site\/?page_id=9"},"modified":"2025-06-05T14:17:05","modified_gmt":"2025-06-05T12:17:05","slug":"contact","status":"publish","type":"page","link":"https:\/\/saintlouisinformatique.be\/?page_id=9","title":{"rendered":"Contact"},"content":{"rendered":"<p>Vous pouvez nous contacter en semaine durant les heures de cours.<\/p>\n<p>Les inscriptions sont ouvertes durant la premi\u00e8re et la derni\u00e8re semaine des vacances d&rsquo;\u00e9t\u00e9.<\/p>\n<p>Vous pouvez \u00e9galement visiter le <a href=\"https:\/\/www.cslwaremme.be\/\" target=\"blank\">site du coll\u00e8ge et de l&rsquo;institut Saint Louis<\/a>.<\/p>\n\n\n<p><\/p>\n","protected":false},"excerpt":{"rendered":"<p>Vous pouvez nous contacter en semaine durant les heures de cours. Les inscriptions sont ouvertes durant la premi\u00e8re et la derni\u00e8re semaine des vacances d&rsquo;\u00e9t\u00e9. Vous pouvez \u00e9galement visiter le site du coll\u00e8ge et de l&rsquo;institut Saint Louis.<\/p>\n","protected":false},"author":1,"featured_media":0,"parent":0,"menu_order":0,"comment_status":"closed","ping_status":"closed","template":"","meta":{"footnotes":""},"class_list":["post-9","page","type-page","status-publish","hentry"],"yoast_head":"<!-- This site is optimized with the Yoast SEO plugin v27.4 - https:\/\/yoast.com\/product\/yoast-seo-wordpress\/ -->\n<title>Contact - Saint-Louis informatique<\/title>\n<meta name=\"robots\" content=\"index, follow, max-snippet:-1, max-image-preview:large, max-video-preview:-1\" \/>\n<link rel=\"canonical\" href=\"https:\/\/saintlouisinformatique.be\/?page_id=9\" \/>\n<meta property=\"og:locale\" content=\"fr_FR\" \/>\n<meta property=\"og:type\" content=\"article\" \/>\n<meta property=\"og:title\" content=\"Contact - Saint-Louis informatique\" \/>\n<meta property=\"og:description\" content=\"Vous pouvez nous contacter en semaine durant les heures de cours. Les inscriptions sont ouvertes durant la premi\u00e8re et la derni\u00e8re semaine des vacances d&rsquo;\u00e9t\u00e9. Vous pouvez \u00e9galement visiter le site du coll\u00e8ge et de l&rsquo;institut Saint Louis.\" \/>\n<meta property=\"og:url\" content=\"https:\/\/saintlouisinformatique.be\/?page_id=9\" \/>\n<meta property=\"og:site_name\" content=\"Saint-Louis informatique\" \/>\n<meta property=\"article:publisher\" content=\"https:\/\/www.facebook.com\/profile.php?id=100063746585182\" \/>\n<meta property=\"article:modified_time\" content=\"2025-06-05T12:17:05+00:00\" \/>\n<meta name=\"twitter:card\" content=\"summary_large_image\" \/>\n<meta name=\"twitter:label1\" content=\"Dur\u00e9e de lecture estim\u00e9e\" \/>\n\t<meta name=\"twitter:data1\" content=\"1 minute\" \/>\n<script type=\"application\/ld+json\" class=\"yoast-schema-graph\">{\"@context\":\"https:\\\/\\\/schema.org\",\"@graph\":[{\"@type\":\"WebPage\",\"@id\":\"https:\\\/\\\/saintlouisinformatique.be\\\/?page_id=9\",\"url\":\"https:\\\/\\\/saintlouisinformatique.be\\\/?page_id=9\",\"name\":\"Contact - Saint-Louis informatique\",\"isPartOf\":{\"@id\":\"https:\\\/\\\/saintlouisinformatique.be\\\/#website\"},\"datePublished\":\"2017-01-21T09:47:55+00:00\",\"dateModified\":\"2025-06-05T12:17:05+00:00\",\"breadcrumb\":{\"@id\":\"https:\\\/\\\/saintlouisinformatique.be\\\/?page_id=9#breadcrumb\"},\"inLanguage\":\"fr-FR\",\"potentialAction\":[{\"@type\":\"ReadAction\",\"target\":[\"https:\\\/\\\/saintlouisinformatique.be\\\/?page_id=9\"]}]},{\"@type\":\"BreadcrumbList\",\"@id\":\"https:\\\/\\\/saintlouisinformatique.be\\\/?page_id=9#breadcrumb\",\"itemListElement\":[{\"@type\":\"ListItem\",\"position\":1,\"name\":\"Accueil\",\"item\":\"https:\\\/\\\/saintlouisinformatique.be\\\/\"},{\"@type\":\"ListItem\",\"position\":2,\"name\":\"Contact\"}]},{\"@type\":\"WebSite\",\"@id\":\"https:\\\/\\\/saintlouisinformatique.be\\\/#website\",\"url\":\"https:\\\/\\\/saintlouisinformatique.be\\\/\",\"name\":\"Saint-Louis informatique\",\"description\":\"Section informatique de l&#039;institut Saint-Louis\",\"publisher\":{\"@id\":\"https:\\\/\\\/saintlouisinformatique.be\\\/#organization\"},\"potentialAction\":[{\"@type\":\"SearchAction\",\"target\":{\"@type\":\"EntryPoint\",\"urlTemplate\":\"https:\\\/\\\/saintlouisinformatique.be\\\/?s={search_term_string}\"},\"query-input\":{\"@type\":\"PropertyValueSpecification\",\"valueRequired\":true,\"valueName\":\"search_term_string\"}}],\"inLanguage\":\"fr-FR\"},{\"@type\":\"Organization\",\"@id\":\"https:\\\/\\\/saintlouisinformatique.be\\\/#organization\",\"name\":\"Section informatique de Saint Louis Waremme\",\"url\":\"https:\\\/\\\/saintlouisinformatique.be\\\/\",\"logo\":{\"@type\":\"ImageObject\",\"inLanguage\":\"fr-FR\",\"@id\":\"https:\\\/\\\/saintlouisinformatique.be\\\/#\\\/schema\\\/logo\\\/image\\\/\",\"url\":\"https:\\\/\\\/saintlouisinformatique.be\\\/site\\\/wp-content\\\/uploads\\\/2023\\\/06\\\/logo-sans-titre-et-ombre-250.png\",\"contentUrl\":\"https:\\\/\\\/saintlouisinformatique.be\\\/site\\\/wp-content\\\/uploads\\\/2023\\\/06\\\/logo-sans-titre-et-ombre-250.png\",\"width\":250,\"height\":250,\"caption\":\"Section informatique de Saint Louis Waremme\"},\"image\":{\"@id\":\"https:\\\/\\\/saintlouisinformatique.be\\\/#\\\/schema\\\/logo\\\/image\\\/\"},\"sameAs\":[\"https:\\\/\\\/www.facebook.com\\\/profile.php?id=100063746585182\"]}]}<\/script>\n<!-- \/ Yoast SEO plugin. -->","yoast_head_json":{"title":"Contact - Saint-Louis informatique","robots":{"index":"index","follow":"follow","max-snippet":"max-snippet:-1","max-image-preview":"max-image-preview:large","max-video-preview":"max-video-preview:-1"},"canonical":"https:\/\/saintlouisinformatique.be\/?page_id=9","og_locale":"fr_FR","og_type":"article","og_title":"Contact - Saint-Louis informatique","og_description":"Vous pouvez nous contacter en semaine durant les heures de cours. Les inscriptions sont ouvertes durant la premi\u00e8re et la derni\u00e8re semaine des vacances d&rsquo;\u00e9t\u00e9. Vous pouvez \u00e9galement visiter le site du coll\u00e8ge et de l&rsquo;institut Saint Louis.","og_url":"https:\/\/saintlouisinformatique.be\/?page_id=9","og_site_name":"Saint-Louis informatique","article_publisher":"https:\/\/www.facebook.com\/profile.php?id=100063746585182","article_modified_time":"2025-06-05T12:17:05+00:00","twitter_card":"summary_large_image","twitter_misc":{"Dur\u00e9e de lecture estim\u00e9e":"1 minute"},"schema":{"@context":"https:\/\/schema.org","@graph":[{"@type":"WebPage","@id":"https:\/\/saintlouisinformatique.be\/?page_id=9","url":"https:\/\/saintlouisinformatique.be\/?page_id=9","name":"Contact - Saint-Louis informatique","isPartOf":{"@id":"https:\/\/saintlouisinformatique.be\/#website"},"datePublished":"2017-01-21T09:47:55+00:00","dateModified":"2025-06-05T12:17:05+00:00","breadcrumb":{"@id":"https:\/\/saintlouisinformatique.be\/?page_id=9#breadcrumb"},"inLanguage":"fr-FR","potentialAction":[{"@type":"ReadAction","target":["https:\/\/saintlouisinformatique.be\/?page_id=9"]}]},{"@type":"BreadcrumbList","@id":"https:\/\/saintlouisinformatique.be\/?page_id=9#breadcrumb","itemListElement":[{"@type":"ListItem","position":1,"name":"Accueil","item":"https:\/\/saintlouisinformatique.be\/"},{"@type":"ListItem","position":2,"name":"Contact"}]},{"@type":"WebSite","@id":"https:\/\/saintlouisinformatique.be\/#website","url":"https:\/\/saintlouisinformatique.be\/","name":"Saint-Louis informatique","description":"Section informatique de l&#039;institut Saint-Louis","publisher":{"@id":"https:\/\/saintlouisinformatique.be\/#organization"},"potentialAction":[{"@type":"SearchAction","target":{"@type":"EntryPoint","urlTemplate":"https:\/\/saintlouisinformatique.be\/?s={search_term_string}"},"query-input":{"@type":"PropertyValueSpecification","valueRequired":true,"valueName":"search_term_string"}}],"inLanguage":"fr-FR"},{"@type":"Organization","@id":"https:\/\/saintlouisinformatique.be\/#organization","name":"Section informatique de Saint Louis Waremme","url":"https:\/\/saintlouisinformatique.be\/","logo":{"@type":"ImageObject","inLanguage":"fr-FR","@id":"https:\/\/saintlouisinformatique.be\/#\/schema\/logo\/image\/","url":"https:\/\/saintlouisinformatique.be\/site\/wp-content\/uploads\/2023\/06\/logo-sans-titre-et-ombre-250.png","contentUrl":"https:\/\/saintlouisinformatique.be\/site\/wp-content\/uploads\/2023\/06\/logo-sans-titre-et-ombre-250.png","width":250,"height":250,"caption":"Section informatique de Saint Louis Waremme"},"image":{"@id":"https:\/\/saintlouisinformatique.be\/#\/schema\/logo\/image\/"},"sameAs":["https:\/\/www.facebook.com\/profile.php?id=100063746585182"]}]}},"_links":{"self":[{"href":"https:\/\/saintlouisinformatique.be\/index.php?rest_route=\/wp\/v2\/pages\/9","targetHints":{"allow":["GET"]}}],"collection":[{"href":"https:\/\/saintlouisinformatique.be\/index.php?rest_route=\/wp\/v2\/pages"}],"about":[{"href":"https:\/\/saintlouisinformatique.be\/index.php?rest_route=\/wp\/v2\/types\/page"}],"author":[{"embeddable":true,"href":"https:\/\/saintlouisinformatique.be\/index.php?rest_route=\/wp\/v2\/users\/1"}],"replies":[{"embeddable":true,"href":"https:\/\/saintlouisinformatique.be\/index.php?rest_route=%2Fwp%2Fv2%2Fcomments&post=9"}],"version-history":[{"count":5,"href":"https:\/\/saintlouisinformatique.be\/index.php?rest_route=\/wp\/v2\/pages\/9\/revisions"}],"predecessor-version":[{"id":307,"href":"https:\/\/saintlouisinformatique.be\/index.php?rest_route=\/wp\/v2\/pages\/9\/revisions\/307"}],"wp:attachment":[{"href":"https:\/\/saintlouisinformatique.be\/index.php?rest_route=%2Fwp%2Fv2%2Fmedia&parent=9"}],"curies":[{"name":"wp","href":"https:\/\/api.w.org\/{rel}","templated":true}]}}