{"id":8,"date":"2017-01-21T10:47:55","date_gmt":"2017-01-21T09:47:55","guid":{"rendered":"http:\/\/saintlouisinformatique.be\/site\/?page_id=8"},"modified":"2025-05-22T11:01:51","modified_gmt":"2025-05-22T09:01:51","slug":"a-propos-de","status":"publish","type":"page","link":"https:\/\/saintlouisinformatique.be\/?page_id=8","title":{"rendered":"\u00c0 propos de"},"content":{"rendered":"<p>L&rsquo;institut Saint-Louis (<a href=\"http:\/\/www.saintlouiswaremme.be\/\" target=\"blank\" rel=\"noopener\">Site de l&rsquo;\u00e9cole<\/a>) propose une option en informatique au deuxi\u00e8me et au troisi\u00e8me degr\u00e9. Cette formation de technique de transition permet aux \u00e9tudiants d&rsquo;orienter leur formation vers l&rsquo;outil informatique sans pour autant d\u00e9laisser les cours g\u00e9n\u00e9raux qui restent identiques aux cours du g\u00e9n\u00e9ral de transition.<br \/>\nLe centre scolaire utilise \u00e9galement la plateforme p\u00e9dagogique <a href=\"http:\/\/saintlouiswaremme.smartschool.be\">Smartschool<\/a>.<\/p>\n<h2>Au deuxi\u00e8me degr\u00e9<\/h2>\n<p>Les \u00e9l\u00e8ves suivent 7 heures d&rsquo;options r\u00e9parties dans diff\u00e9rentes mati\u00e8res :<\/p>\n<h4>Hardware\u00a0et utilisation de l\u2019ordinateur :<\/h4>\n<p>Les \u00e9l\u00e8ves se familiarisent avec l\u2019outil informatique, le syst\u00e8me d\u2019exploitation, son environnement et ses fonctionnalit\u00e9s. Ils d\u00e9couvrent \u00e9galement le mat\u00e9riel informatique et toutes ses caract\u00e9ris\u00e9s (CPU, carte m\u00e8re, RAM, etc.).<br \/>\nEn quatri\u00e8me ann\u00e9e, ils utilisent des machines virtuelles se familiariser avec l&rsquo;installation et le param\u00e9trage d&rsquo;un OS.<\/p>\n<h4>Programmation :<\/h4>\n<p>En troisi\u00e8me ann\u00e9e, les \u00e9tudiants abordent les concepts de base de la programmation algorithmique. Ils appliquent \u00e9galement ces concepts gr\u00e2ce aux outils p\u00e9dagogiques ludiques tels que le Lego Mindstorm. Ils y d\u00e9couvrent \u00e9galement les bases de la programmation web (HTML et CSS).<br \/>\nEn quatri\u00e8me ann\u00e9e, ils appliquent des principes de programmation algorithmique avanc\u00e9s avec le JavaScript et\/ou le C# et continuent leur apprentissage des langage du web.<\/p>\n<h4>Exploitation de logiciels :<\/h4>\n<p>En troisi\u00e8me ann\u00e9e, les \u00e9l\u00e8ves apprennent la frappe dactylographi\u00e9e et se forment \u00e0 l\u2019utilisation des logiciels de la suite bureautique Office (Word, Excel, Powerpoint).<br \/>\nEn quatri\u00e8me, il aborde le syst\u00e8me de fonctionnement des bases de donn\u00e9es gr\u00e2ce \u00e0 Acces.<\/p>\n<h2>Au troisi\u00e8me degr\u00e9<\/h2>\n<p>Les \u00e9l\u00e8ves suivent 8 heures d&rsquo;options r\u00e9parties en quatre cours :<\/p>\n<h4>Informatique :<\/h4>\n<p>En rh\u00e9to, les \u00e9tudiants apprennent des concepts avanc\u00e9s de l\u2019informatique tels que l\u2019architecture d\u2019un r\u00e9seau informatique complexe, le calcul binaire, le codage de l\u2019information, etc.<\/p>\n<h4>Programmation :<\/h4>\n<p>En cinqui\u00e8me ann\u00e9e, les \u00e9tudiants se forment \u00e0 l\u2019utilisation du langages de programmation JAVA sur le logiciel Eclipse. Ils passent ensuite sur Processing pour leur projet de fin d&rsquo;ann\u00e9e.<br \/>\nEn rh\u00e9to, le PHP et le MySQL sont \u00e9tudi\u00e9s. Au terme de leurs \u00e9tudes, ils seront capables de produire un site web administrable (sans CMS) que fera l\u2019objet d\u2019un travail de fin d\u2019\u00e9tude.<\/p>\n<h4>Multim\u00e9dia :<\/h4>\n<p>Les \u00e9l\u00e8ves d\u00e9couvrent de nombreux logiciels attenant aux aspects multiples du multim\u00e9dia. Ils utilisent des programmes d\u2019\u00e9dition de sons, d\u2019images pixels, d\u2019images vectorielles, de montage vid\u00e9o (la suite adobe est disponible sur les ordinateurs de l&rsquo;\u00e9cole) ou encore de cr\u00e9ation d\u2019image 3D (sur 3ds Max) et l&rsquo;impression 3D.<\/p>\n<h2>Mat\u00e9riel de la section<\/h2>\n<p>La classe d\u00e9di\u00e9e aux cours est \u00e9quip\u00e9e de 25 ordinateurs, d&rsquo;une connexion internet r\u00e9cente, d&rsquo;une imprimante, d&rsquo;un poste de travail professeur et d&rsquo;un projecteur.<\/p>\n<p>Les \u00e9l\u00e8ves peuvent travailler la base de la programmation sur un Lego Mindstorm EV3.<\/p>\n<p>L\u2019\u00e9cole a r\u00e9cemment fait l\u2019acquisition d\u2019une imprimante 3D.<\/p>\n<h4>Voici une vid\u00e9o de pr\u00e9sentation de la section :<\/h4>\n<p><span style=\"border-radius: 2px; text-indent: 20px; width: auto; padding: 0px 4px 0px 0px; text-align: center; font: bold 11px\/20px 'Helvetica Neue',Helvetica,sans-serif; color: #ffffff; background: #bd081c no-repeat scroll 3px 50% \/ 14px 14px; position: absolute; opacity: 1; z-index: 8675309; display: none; cursor: pointer; top: 1982px; left: 50px;\">Enregistrer<\/span><\/p>\n<p><span style=\"border-radius: 2px; text-indent: 20px; width: auto; padding: 0px 4px 0px 0px; text-align: center; font: bold 11px\/20px 'Helvetica Neue',Helvetica,sans-serif; color: #ffffff; background: #bd081c  no-repeat scroll 3px 50% \/ 14px 14px; position: absolute; opacity: 1; z-index: 8675309; display: none; cursor: pointer;\">Enregistrer<\/span><\/p>\n<p><iframe loading=\"lazy\" title=\"YouTube video player\" src=\"https:\/\/www.youtube.com\/embed\/n0sPfuuxLrg\" width=\"560\" height=\"315\" frameborder=\"0\" allowfullscreen=\"allowfullscreen\"><\/iframe><\/p>\n","protected":false},"excerpt":{"rendered":"<p>L&rsquo;institut Saint-Louis (Site de l&rsquo;\u00e9cole) propose une option en informatique au deuxi\u00e8me et au troisi\u00e8me degr\u00e9. Cette formation de technique de transition permet aux \u00e9tudiants d&rsquo;orienter leur formation vers l&rsquo;outil informatique sans pour autant d\u00e9laisser les cours g\u00e9n\u00e9raux qui restent identiques aux cours du g\u00e9n\u00e9ral de transition. Le centre scolaire utilise \u00e9galement la plateforme p\u00e9dagogique &hellip; <\/p>\n<p class=\"link-more\"><a href=\"https:\/\/saintlouisinformatique.be\/?page_id=8\" class=\"more-link\">Continuer la lecture<span class=\"screen-reader-text\"> de &laquo;&nbsp;\u00c0 propos de&nbsp;&raquo;<\/span><\/a><\/p>\n","protected":false},"author":1,"featured_media":0,"parent":0,"menu_order":0,"comment_status":"closed","ping_status":"closed","template":"","meta":{"footnotes":""},"class_list":["post-8","page","type-page","status-publish","hentry"],"yoast_head":"<!-- This site is optimized with the Yoast SEO plugin v27.4 - https:\/\/yoast.com\/product\/yoast-seo-wordpress\/ -->\n<title>\u00c0 propos de - Saint-Louis informatique<\/title>\n<meta name=\"robots\" content=\"index, follow, max-snippet:-1, max-image-preview:large, max-video-preview:-1\" \/>\n<link rel=\"canonical\" href=\"https:\/\/saintlouisinformatique.be\/?page_id=8\" \/>\n<meta property=\"og:locale\" content=\"fr_FR\" \/>\n<meta property=\"og:type\" content=\"article\" \/>\n<meta property=\"og:title\" content=\"\u00c0 propos de - Saint-Louis informatique\" \/>\n<meta property=\"og:description\" content=\"L&rsquo;institut Saint-Louis (Site de l&rsquo;\u00e9cole) propose une option en informatique au deuxi\u00e8me et au troisi\u00e8me degr\u00e9. Cette formation de technique de transition permet aux \u00e9tudiants d&rsquo;orienter leur formation vers l&rsquo;outil informatique sans pour autant d\u00e9laisser les cours g\u00e9n\u00e9raux qui restent identiques aux cours du g\u00e9n\u00e9ral de transition. Le centre scolaire utilise \u00e9galement la plateforme p\u00e9dagogique &hellip; Continuer la lecture de &laquo;&nbsp;\u00c0 propos de&nbsp;&raquo;\" \/>\n<meta property=\"og:url\" content=\"https:\/\/saintlouisinformatique.be\/?page_id=8\" \/>\n<meta property=\"og:site_name\" content=\"Saint-Louis informatique\" \/>\n<meta property=\"article:publisher\" content=\"https:\/\/www.facebook.com\/profile.php?id=100063746585182\" \/>\n<meta property=\"article:modified_time\" content=\"2025-05-22T09:01:51+00:00\" \/>\n<meta name=\"twitter:card\" content=\"summary_large_image\" \/>\n<meta name=\"twitter:label1\" content=\"Dur\u00e9e de lecture estim\u00e9e\" \/>\n\t<meta name=\"twitter:data1\" content=\"3 minutes\" \/>\n<script type=\"application\/ld+json\" class=\"yoast-schema-graph\">{\"@context\":\"https:\\\/\\\/schema.org\",\"@graph\":[{\"@type\":\"WebPage\",\"@id\":\"https:\\\/\\\/saintlouisinformatique.be\\\/?page_id=8\",\"url\":\"https:\\\/\\\/saintlouisinformatique.be\\\/?page_id=8\",\"name\":\"\u00c0 propos de - Saint-Louis informatique\",\"isPartOf\":{\"@id\":\"https:\\\/\\\/saintlouisinformatique.be\\\/#website\"},\"datePublished\":\"2017-01-21T09:47:55+00:00\",\"dateModified\":\"2025-05-22T09:01:51+00:00\",\"breadcrumb\":{\"@id\":\"https:\\\/\\\/saintlouisinformatique.be\\\/?page_id=8#breadcrumb\"},\"inLanguage\":\"fr-FR\",\"potentialAction\":[{\"@type\":\"ReadAction\",\"target\":[\"https:\\\/\\\/saintlouisinformatique.be\\\/?page_id=8\"]}]},{\"@type\":\"BreadcrumbList\",\"@id\":\"https:\\\/\\\/saintlouisinformatique.be\\\/?page_id=8#breadcrumb\",\"itemListElement\":[{\"@type\":\"ListItem\",\"position\":1,\"name\":\"Accueil\",\"item\":\"https:\\\/\\\/saintlouisinformatique.be\\\/\"},{\"@type\":\"ListItem\",\"position\":2,\"name\":\"\u00c0 propos de\"}]},{\"@type\":\"WebSite\",\"@id\":\"https:\\\/\\\/saintlouisinformatique.be\\\/#website\",\"url\":\"https:\\\/\\\/saintlouisinformatique.be\\\/\",\"name\":\"Saint-Louis informatique\",\"description\":\"Section informatique de l&#039;institut Saint-Louis\",\"publisher\":{\"@id\":\"https:\\\/\\\/saintlouisinformatique.be\\\/#organization\"},\"potentialAction\":[{\"@type\":\"SearchAction\",\"target\":{\"@type\":\"EntryPoint\",\"urlTemplate\":\"https:\\\/\\\/saintlouisinformatique.be\\\/?s={search_term_string}\"},\"query-input\":{\"@type\":\"PropertyValueSpecification\",\"valueRequired\":true,\"valueName\":\"search_term_string\"}}],\"inLanguage\":\"fr-FR\"},{\"@type\":\"Organization\",\"@id\":\"https:\\\/\\\/saintlouisinformatique.be\\\/#organization\",\"name\":\"Section informatique de Saint Louis Waremme\",\"url\":\"https:\\\/\\\/saintlouisinformatique.be\\\/\",\"logo\":{\"@type\":\"ImageObject\",\"inLanguage\":\"fr-FR\",\"@id\":\"https:\\\/\\\/saintlouisinformatique.be\\\/#\\\/schema\\\/logo\\\/image\\\/\",\"url\":\"https:\\\/\\\/saintlouisinformatique.be\\\/site\\\/wp-content\\\/uploads\\\/2023\\\/06\\\/logo-sans-titre-et-ombre-250.png\",\"contentUrl\":\"https:\\\/\\\/saintlouisinformatique.be\\\/site\\\/wp-content\\\/uploads\\\/2023\\\/06\\\/logo-sans-titre-et-ombre-250.png\",\"width\":250,\"height\":250,\"caption\":\"Section informatique de Saint Louis Waremme\"},\"image\":{\"@id\":\"https:\\\/\\\/saintlouisinformatique.be\\\/#\\\/schema\\\/logo\\\/image\\\/\"},\"sameAs\":[\"https:\\\/\\\/www.facebook.com\\\/profile.php?id=100063746585182\"]}]}<\/script>\n<!-- \/ Yoast SEO plugin. -->","yoast_head_json":{"title":"\u00c0 propos de - Saint-Louis informatique","robots":{"index":"index","follow":"follow","max-snippet":"max-snippet:-1","max-image-preview":"max-image-preview:large","max-video-preview":"max-video-preview:-1"},"canonical":"https:\/\/saintlouisinformatique.be\/?page_id=8","og_locale":"fr_FR","og_type":"article","og_title":"\u00c0 propos de - Saint-Louis informatique","og_description":"L&rsquo;institut Saint-Louis (Site de l&rsquo;\u00e9cole) propose une option en informatique au deuxi\u00e8me et au troisi\u00e8me degr\u00e9. Cette formation de technique de transition permet aux \u00e9tudiants d&rsquo;orienter leur formation vers l&rsquo;outil informatique sans pour autant d\u00e9laisser les cours g\u00e9n\u00e9raux qui restent identiques aux cours du g\u00e9n\u00e9ral de transition. Le centre scolaire utilise \u00e9galement la plateforme p\u00e9dagogique &hellip; Continuer la lecture de &laquo;&nbsp;\u00c0 propos de&nbsp;&raquo;","og_url":"https:\/\/saintlouisinformatique.be\/?page_id=8","og_site_name":"Saint-Louis informatique","article_publisher":"https:\/\/www.facebook.com\/profile.php?id=100063746585182","article_modified_time":"2025-05-22T09:01:51+00:00","twitter_card":"summary_large_image","twitter_misc":{"Dur\u00e9e de lecture estim\u00e9e":"3 minutes"},"schema":{"@context":"https:\/\/schema.org","@graph":[{"@type":"WebPage","@id":"https:\/\/saintlouisinformatique.be\/?page_id=8","url":"https:\/\/saintlouisinformatique.be\/?page_id=8","name":"\u00c0 propos de - Saint-Louis informatique","isPartOf":{"@id":"https:\/\/saintlouisinformatique.be\/#website"},"datePublished":"2017-01-21T09:47:55+00:00","dateModified":"2025-05-22T09:01:51+00:00","breadcrumb":{"@id":"https:\/\/saintlouisinformatique.be\/?page_id=8#breadcrumb"},"inLanguage":"fr-FR","potentialAction":[{"@type":"ReadAction","target":["https:\/\/saintlouisinformatique.be\/?page_id=8"]}]},{"@type":"BreadcrumbList","@id":"https:\/\/saintlouisinformatique.be\/?page_id=8#breadcrumb","itemListElement":[{"@type":"ListItem","position":1,"name":"Accueil","item":"https:\/\/saintlouisinformatique.be\/"},{"@type":"ListItem","position":2,"name":"\u00c0 propos de"}]},{"@type":"WebSite","@id":"https:\/\/saintlouisinformatique.be\/#website","url":"https:\/\/saintlouisinformatique.be\/","name":"Saint-Louis informatique","description":"Section informatique de l&#039;institut Saint-Louis","publisher":{"@id":"https:\/\/saintlouisinformatique.be\/#organization"},"potentialAction":[{"@type":"SearchAction","target":{"@type":"EntryPoint","urlTemplate":"https:\/\/saintlouisinformatique.be\/?s={search_term_string}"},"query-input":{"@type":"PropertyValueSpecification","valueRequired":true,"valueName":"search_term_string"}}],"inLanguage":"fr-FR"},{"@type":"Organization","@id":"https:\/\/saintlouisinformatique.be\/#organization","name":"Section informatique de Saint Louis Waremme","url":"https:\/\/saintlouisinformatique.be\/","logo":{"@type":"ImageObject","inLanguage":"fr-FR","@id":"https:\/\/saintlouisinformatique.be\/#\/schema\/logo\/image\/","url":"https:\/\/saintlouisinformatique.be\/site\/wp-content\/uploads\/2023\/06\/logo-sans-titre-et-ombre-250.png","contentUrl":"https:\/\/saintlouisinformatique.be\/site\/wp-content\/uploads\/2023\/06\/logo-sans-titre-et-ombre-250.png","width":250,"height":250,"caption":"Section informatique de Saint Louis Waremme"},"image":{"@id":"https:\/\/saintlouisinformatique.be\/#\/schema\/logo\/image\/"},"sameAs":["https:\/\/www.facebook.com\/profile.php?id=100063746585182"]}]}},"_links":{"self":[{"href":"https:\/\/saintlouisinformatique.be\/index.php?rest_route=\/wp\/v2\/pages\/8","targetHints":{"allow":["GET"]}}],"collection":[{"href":"https:\/\/saintlouisinformatique.be\/index.php?rest_route=\/wp\/v2\/pages"}],"about":[{"href":"https:\/\/saintlouisinformatique.be\/index.php?rest_route=\/wp\/v2\/types\/page"}],"author":[{"embeddable":true,"href":"https:\/\/saintlouisinformatique.be\/index.php?rest_route=\/wp\/v2\/users\/1"}],"replies":[{"embeddable":true,"href":"https:\/\/saintlouisinformatique.be\/index.php?rest_route=%2Fwp%2Fv2%2Fcomments&post=8"}],"version-history":[{"count":27,"href":"https:\/\/saintlouisinformatique.be\/index.php?rest_route=\/wp\/v2\/pages\/8\/revisions"}],"predecessor-version":[{"id":305,"href":"https:\/\/saintlouisinformatique.be\/index.php?rest_route=\/wp\/v2\/pages\/8\/revisions\/305"}],"wp:attachment":[{"href":"https:\/\/saintlouisinformatique.be\/index.php?rest_route=%2Fwp%2Fv2%2Fmedia&parent=8"}],"curies":[{"name":"wp","href":"https:\/\/api.w.org\/{rel}","templated":true}]}}